{"id":38301,"date":"2018-01-10T09:28:55","date_gmt":"2018-01-10T09:28:55","guid":{"rendered":"https:\/\/www.tac.eu.com\/ideenlabor\/"},"modified":"2025-11-05T11:24:09","modified_gmt":"2025-11-05T10:24:09","slug":"ideeenlaboratorium","status":"publish","type":"page","link":"https:\/\/tac.eu.com\/nl\/ideeenlaboratorium\/","title":{"rendered":"Idee\u00ebnlaboratorium"},"content":{"rendered":"<div class=\"wpb-content-wrapper\"><p>[vc_row][vc_column][vc_column_text css=&#8221;.vc_custom_1733996166959{padding-top: 40px !important;}&#8221;]<\/p>\n<h1 style=\"text-align: center;\">TAC Idee\u00ebnlaboratorium<\/h1>\n<p>[\/vc_column_text][vc_column_text css=&#8221;&#8221; css_animation=&#8221;none&#8221;]<\/p>\n<p class=\"title-h3\" style=\"text-align: center;\">Heb je een idee voor de verdere ontwikkeling van een van onze TAC-producten of specifieke suggesties voor nieuwe functionaliteiten? Plaats uw idee dan in onze idee\u00ebnbus. Hieronder ziet u hoe ons idee\u00ebnlab en het bijbehorende proces er in detail uitziet.<\/p>\n<p>[\/vc_column_text][\/vc_column][\/vc_row][vc_row full_width=&#8221;stretch_row&#8221; css_animation=&#8221;bottom-to-top&#8221; parallax=&#8221;content-moving-fade&#8221; css=&#8221;.vc_custom_1533804807599{background-color: #f7f7f7 !important;background-position: center;background-repeat: no-repeat !important;background-size: cover !important;}&#8221;][vc_column width=&#8221;1\/3&#8243; offset=&#8221;vc_col-lg-offset-0&#8243;][vc_single_image image=&#8221;25280&#8243; img_size=&#8221;300&#215;300&#8243; alignment=&#8221;center&#8221; style=&#8221;vc_box_circle&#8221; css_animation=&#8221;bottom-to-top&#8221;][vc_column_text]<\/p>\n<h2 style=\"text-align: center;\">#1<br \/>\nOpen for new ideas.<\/h2>\n<p>[\/vc_column_text][vc_column_text css=&#8221;&#8221;]<\/p>\n<p class=\"title-h6\" style=\"text-align: center;\">De beste idee\u00ebn ontstaan vaak naast je dagelijkse werk of bij toeval. Heb jij zo&#8217;n idee? Vertel het ons, we zijn altijd bereid om naar je te luisteren en kijken ernaar uit om van je te horen.<\/p>\n<p>[\/vc_column_text][\/vc_column][vc_column width=&#8221;1\/3&#8243;][vc_single_image image=&#8221;25270&#8243; img_size=&#8221;300&#215;300&#8243; alignment=&#8221;center&#8221; style=&#8221;vc_box_circle&#8221; css_animation=&#8221;bottom-to-top&#8221;][vc_column_text]<\/p>\n<h2 style=\"text-align: center;\">#2<br \/>\nGot it.<\/h2>\n<p>[\/vc_column_text][vc_column_text css=&#8221;&#8221;]<\/p>\n<p class=\"title-h6\" style=\"text-align: center;\">Zodra je je idee met ons hebt gedeeld, wordt het toegevoegd aan onze pool. Onze idee\u00ebnbijeenkomst vindt eens per kwartaal plaats, waarbij we de doos samen met jouw suggesties leegmaken en de ontvangen idee\u00ebn bekijken.<\/p>\n<p>[\/vc_column_text][\/vc_column][vc_column width=&#8221;1\/3&#8243;][vc_single_image image=&#8221;25272&#8243; img_size=&#8221;300&#215;300&#8243; alignment=&#8221;center&#8221; style=&#8221;vc_box_circle&#8221; css_animation=&#8221;bottom-to-top&#8221;][vc_column_text]<\/p>\n<h2 style=\"text-align: center;\">#3<br \/>\nA service you deserve.<\/h2>\n<p>[\/vc_column_text][vc_column_text css=&#8221;&#8221;]<\/p>\n<p class=\"title-h6\" style=\"text-align: center;\">Sommigen willen naar links, anderen naar rechts. Hoe evalueren we? Elke keer anders, maar altijd op zo&#8217;n manier dat de belangrijkste punten gegarandeerd worden ge\u00efmplementeerd, zodat we de nummer \u00e9\u00e9n softwareoplossing kunnen blijven bieden.<\/p>\n<p>[\/vc_column_text][\/vc_column][\/vc_row][vc_row full_width=&#8221;stretch_row&#8221; css_animation=&#8221;bottom-to-top&#8221; parallax=&#8221;content-moving-fade&#8221; css=&#8221;.vc_custom_1533804842626{margin-top: -20px !important;margin-bottom: 0px !important;background-color: #f7f7f7 !important;background-position: center;background-repeat: no-repeat !important;background-size: cover !important;}&#8221;][vc_column width=&#8221;1\/3&#8243; offset=&#8221;vc_col-lg-offset-0&#8243;][vc_single_image image=&#8221;25276&#8243; img_size=&#8221;300&#215;300&#8243; alignment=&#8221;center&#8221; style=&#8221;vc_box_circle&#8221; css_animation=&#8221;bottom-to-top&#8221;][vc_column_text]<\/p>\n<h2 style=\"text-align: center;\">#4<br \/>\nWait for it.<\/h2>\n<p>[\/vc_column_text][vc_column_text css=&#8221;&#8221;]<\/p>\n<p class=\"title-h6\" style=\"text-align: center;\">Het is zover, de selectie vindt plaats. Als je gewenste uitbreiding wordt gerealiseerd, nemen we contact met je op. Zo niet, laat je hoofd dan niet hangen, je suggestie blijft in onze idee\u00ebnbus.<\/p>\n<p>[\/vc_column_text][\/vc_column][vc_column width=&#8221;1\/3&#8243;][vc_single_image image=&#8221;25273&#8243; img_size=&#8221;300&#215;300&#8243; alignment=&#8221;center&#8221; style=&#8221;vc_box_circle&#8221; css_animation=&#8221;bottom-to-top&#8221;][vc_column_text]<\/p>\n<h2 style=\"text-align: center;\">#5<br \/>\nA perfect match.<\/h2>\n<p>[\/vc_column_text][vc_column_text css=&#8221;&#8221;]<\/p>\n<p class=\"title-h6\" style=\"text-align: center;\">Zodra je idee is gerealiseerd en de TAC-ontwikkelmachine draait, kun je achterover leunen en thee drinken. Wij zorgen voor de rest. Ons team neemt contact met je op zodra je idee is uitgewerkt.<\/p>\n<p>[\/vc_column_text][\/vc_column][vc_column width=&#8221;1\/3&#8243;][vc_single_image image=&#8221;25274&#8243; img_size=&#8221;300&#215;300&#8243; alignment=&#8221;center&#8221; style=&#8221;vc_box_circle&#8221; css_animation=&#8221;bottom-to-top&#8221;][vc_column_text]<\/p>\n<h2 style=\"text-align: center;\">#6<br \/>\nNo worries.<\/h2>\n<p>[\/vc_column_text][vc_column_text css=&#8221;&#8221;]<\/p>\n<p class=\"title-h6\" style=\"text-align: center;\">Als je idee niet gerealiseerd is, blader dan door onze online help om te zien welke idee\u00ebn nieuw zijn. Misschien vind je hier wel een of twee spannende oplossingen, want zoals we allemaal weten leiden vele wegen naar Rome.<\/p>\n<p>[\/vc_column_text][\/vc_column][\/vc_row][vc_row full_width=&#8221;stretch_row&#8221; css=&#8221;.vc_custom_1515582071243{margin-top: -20px !important;margin-bottom: 0px !important;background-color: #f7f7f7 !important;}&#8221;][vc_column]<style type=\"text\/css\">.thegem-button-69e3465ceb6be7269 .gem-button svg {fill: #3dcaed;}.thegem-button-69e3465ceb6be7269 .gem-button:hover svg {fill: #ffffff;}<\/style><div class=\"gem-button-container gem-button-position-center thegem-button-69e3465ceb6be7269    \"  ><a class=\"gem-button gem-button-size-medium gem-button-style-outline gem-button-text-weight-normal gem-button-border-3\" data-ll-effect=\"drop-right-without-wrap\" style=\"border-radius: 100px;border-color: #3dcaed;color: #3dcaed;\" onmouseleave=\"this.style.borderColor='#3dcaed';this.style.backgroundColor='transparent';this.style.color='#3dcaed';\" onmouseenter=\"this.style.borderColor='#3dcaed';this.style.backgroundColor='#3dcaed';this.style.color='#ffffff';\" href=\"http:\/\/www.tac.eu.com\/ideenbox\/\" target=\"_self\">JETZT IDEE EINWERFEN<\/a><\/div> [vc_empty_space height=&#8221;40px&#8221;][\/vc_column][\/vc_row][vc_section full_width=&#8221;stretch_row&#8221; full_height=&#8221;yes&#8221; content_placement=&#8221;middle&#8221; parallax=&#8221;content-moving-fade&#8221; parallax_image=&#8221;25205&#8243; css_animation=&#8221;bottom-to-top&#8221; css=&#8221;.vc_custom_1533798766191{background-image: url(https:\/\/tac.eu.com\/wp-content\/uploads\/2018\/08\/Tac_ideenlabor_footer-Kopie.jpg?id=28168) !important;}&#8221;][\/vc_section]<\/p>\n<\/div>","protected":false},"excerpt":{"rendered":"<p>[vc_row][vc_column][vc_column_text css=&#8221;.vc_custom_1733996166959{padding-top: 40px !important;}&#8221;] TAC Idee\u00ebnlaboratorium [\/vc_column_text][vc_column_text css=&#8221;&#8221; css_animation=&#8221;none&#8221;] Heb je een idee voor de verdere ontwikkeling van een van&#8230;<\/p>\n","protected":false},"author":3,"featured_media":0,"parent":0,"menu_order":0,"comment_status":"closed","ping_status":"closed","template":"","meta":{"footnotes":""},"class_list":["post-38301","page","type-page","status-publish"],"yoast_head":"<!-- This site is optimized with the Yoast SEO plugin v22.3 - https:\/\/yoast.com\/wordpress\/plugins\/seo\/ -->\n<title>TAC | The Assistant Company Idee\u00ebnlaboratorium - Deponeer uw idee in onze idee\u00ebnbus.<\/title>\n<meta name=\"description\" content=\"Idee\u00ebn voor verdere ontwikkelingen of nieuwe functionaliteiten worden verzameld in het TAC Ideas Lab. Deponeer uw idee in onze idee\u00ebnbus.\" \/>\n<meta name=\"robots\" content=\"index, follow, max-snippet:-1, max-image-preview:large, max-video-preview:-1\" \/>\n<link rel=\"canonical\" href=\"https:\/\/tac.eu.com\/nl\/ideeenlaboratorium\/\" \/>\n<meta property=\"og:locale\" content=\"nl_NL\" \/>\n<meta property=\"og:type\" content=\"article\" \/>\n<meta property=\"og:title\" content=\"TAC | The Assistant Company Idee\u00ebnlaboratorium - Deponeer uw idee in onze idee\u00ebnbus.\" \/>\n<meta property=\"og:description\" content=\"Idee\u00ebn voor verdere ontwikkelingen of nieuwe functionaliteiten worden verzameld in het TAC Ideas Lab. Deponeer uw idee in onze idee\u00ebnbus.\" \/>\n<meta property=\"og:url\" content=\"https:\/\/tac.eu.com\/nl\/ideeenlaboratorium\/\" \/>\n<meta property=\"og:site_name\" content=\"TAC | The Assistant Company\" \/>\n<meta property=\"article:publisher\" content=\"https:\/\/www.facebook.com\/TACTheAssistantCompany\/\" \/>\n<meta property=\"article:modified_time\" content=\"2025-11-05T10:24:09+00:00\" \/>\n<meta name=\"twitter:card\" content=\"summary_large_image\" \/>\n<meta name=\"twitter:label1\" content=\"Geschatte leestijd\" \/>\n\t<meta name=\"twitter:data1\" content=\"3 minuten\" \/>\n<script type=\"application\/ld+json\" class=\"yoast-schema-graph\">{\"@context\":\"https:\/\/schema.org\",\"@graph\":[{\"@type\":\"WebPage\",\"@id\":\"https:\/\/tac.eu.com\/nl\/ideeenlaboratorium\/\",\"url\":\"https:\/\/tac.eu.com\/nl\/ideeenlaboratorium\/\",\"name\":\"TAC | The Assistant Company Idee\u00ebnlaboratorium - Deponeer uw idee in onze idee\u00ebnbus.\",\"isPartOf\":{\"@id\":\"https:\/\/tac.eu.com\/#website\"},\"datePublished\":\"2018-01-10T09:28:55+00:00\",\"dateModified\":\"2025-11-05T10:24:09+00:00\",\"description\":\"Idee\u00ebn voor verdere ontwikkelingen of nieuwe functionaliteiten worden verzameld in het TAC Ideas Lab. Deponeer uw idee in onze idee\u00ebnbus.\",\"inLanguage\":\"nl-NL\",\"potentialAction\":[{\"@type\":\"ReadAction\",\"target\":[\"https:\/\/tac.eu.com\/nl\/ideeenlaboratorium\/\"]}]},{\"@type\":\"WebSite\",\"@id\":\"https:\/\/tac.eu.com\/#website\",\"url\":\"https:\/\/tac.eu.com\/\",\"name\":\"TAC | The Assistant Company\",\"description\":\"\",\"publisher\":{\"@id\":\"https:\/\/tac.eu.com\/#organization\"},\"potentialAction\":[{\"@type\":\"SearchAction\",\"target\":{\"@type\":\"EntryPoint\",\"urlTemplate\":\"https:\/\/tac.eu.com\/?s={search_term_string}\"},\"query-input\":\"required name=search_term_string\"}],\"inLanguage\":\"nl-NL\"},{\"@type\":\"Organization\",\"@id\":\"https:\/\/tac.eu.com\/#organization\",\"name\":\"TAC | The Assistant Company\",\"url\":\"https:\/\/tac.eu.com\/\",\"logo\":{\"@type\":\"ImageObject\",\"inLanguage\":\"nl-NL\",\"@id\":\"https:\/\/tac.eu.com\/#\/schema\/logo\/image\/\",\"url\":\"https:\/\/tac.eu.com\/wp-content\/uploads\/2023\/03\/TAC-Logo-mit-Tagline_696x696.png\",\"contentUrl\":\"https:\/\/tac.eu.com\/wp-content\/uploads\/2023\/03\/TAC-Logo-mit-Tagline_696x696.png\",\"width\":696,\"height\":696,\"caption\":\"TAC | The Assistant Company\"},\"image\":{\"@id\":\"https:\/\/tac.eu.com\/#\/schema\/logo\/image\/\"},\"sameAs\":[\"https:\/\/www.facebook.com\/TACTheAssistantCompany\/\"]}]}<\/script>\n<!-- \/ Yoast SEO plugin. -->","yoast_head_json":{"title":"TAC | The Assistant Company Idee\u00ebnlaboratorium - Deponeer uw idee in onze idee\u00ebnbus.","description":"Idee\u00ebn voor verdere ontwikkelingen of nieuwe functionaliteiten worden verzameld in het TAC Ideas Lab. Deponeer uw idee in onze idee\u00ebnbus.","robots":{"index":"index","follow":"follow","max-snippet":"max-snippet:-1","max-image-preview":"max-image-preview:large","max-video-preview":"max-video-preview:-1"},"canonical":"https:\/\/tac.eu.com\/nl\/ideeenlaboratorium\/","og_locale":"nl_NL","og_type":"article","og_title":"TAC | The Assistant Company Idee\u00ebnlaboratorium - Deponeer uw idee in onze idee\u00ebnbus.","og_description":"Idee\u00ebn voor verdere ontwikkelingen of nieuwe functionaliteiten worden verzameld in het TAC Ideas Lab. Deponeer uw idee in onze idee\u00ebnbus.","og_url":"https:\/\/tac.eu.com\/nl\/ideeenlaboratorium\/","og_site_name":"TAC | The Assistant Company","article_publisher":"https:\/\/www.facebook.com\/TACTheAssistantCompany\/","article_modified_time":"2025-11-05T10:24:09+00:00","twitter_card":"summary_large_image","twitter_misc":{"Geschatte leestijd":"3 minuten"},"schema":{"@context":"https:\/\/schema.org","@graph":[{"@type":"WebPage","@id":"https:\/\/tac.eu.com\/nl\/ideeenlaboratorium\/","url":"https:\/\/tac.eu.com\/nl\/ideeenlaboratorium\/","name":"TAC | The Assistant Company Idee\u00ebnlaboratorium - Deponeer uw idee in onze idee\u00ebnbus.","isPartOf":{"@id":"https:\/\/tac.eu.com\/#website"},"datePublished":"2018-01-10T09:28:55+00:00","dateModified":"2025-11-05T10:24:09+00:00","description":"Idee\u00ebn voor verdere ontwikkelingen of nieuwe functionaliteiten worden verzameld in het TAC Ideas Lab. Deponeer uw idee in onze idee\u00ebnbus.","inLanguage":"nl-NL","potentialAction":[{"@type":"ReadAction","target":["https:\/\/tac.eu.com\/nl\/ideeenlaboratorium\/"]}]},{"@type":"WebSite","@id":"https:\/\/tac.eu.com\/#website","url":"https:\/\/tac.eu.com\/","name":"TAC | The Assistant Company","description":"","publisher":{"@id":"https:\/\/tac.eu.com\/#organization"},"potentialAction":[{"@type":"SearchAction","target":{"@type":"EntryPoint","urlTemplate":"https:\/\/tac.eu.com\/?s={search_term_string}"},"query-input":"required name=search_term_string"}],"inLanguage":"nl-NL"},{"@type":"Organization","@id":"https:\/\/tac.eu.com\/#organization","name":"TAC | The Assistant Company","url":"https:\/\/tac.eu.com\/","logo":{"@type":"ImageObject","inLanguage":"nl-NL","@id":"https:\/\/tac.eu.com\/#\/schema\/logo\/image\/","url":"https:\/\/tac.eu.com\/wp-content\/uploads\/2023\/03\/TAC-Logo-mit-Tagline_696x696.png","contentUrl":"https:\/\/tac.eu.com\/wp-content\/uploads\/2023\/03\/TAC-Logo-mit-Tagline_696x696.png","width":696,"height":696,"caption":"TAC | The Assistant Company"},"image":{"@id":"https:\/\/tac.eu.com\/#\/schema\/logo\/image\/"},"sameAs":["https:\/\/www.facebook.com\/TACTheAssistantCompany\/"]}]}},"_links":{"self":[{"href":"https:\/\/tac.eu.com\/nl\/wp-json\/wp\/v2\/pages\/38301","targetHints":{"allow":["GET"]}}],"collection":[{"href":"https:\/\/tac.eu.com\/nl\/wp-json\/wp\/v2\/pages"}],"about":[{"href":"https:\/\/tac.eu.com\/nl\/wp-json\/wp\/v2\/types\/page"}],"author":[{"embeddable":true,"href":"https:\/\/tac.eu.com\/nl\/wp-json\/wp\/v2\/users\/3"}],"replies":[{"embeddable":true,"href":"https:\/\/tac.eu.com\/nl\/wp-json\/wp\/v2\/comments?post=38301"}],"version-history":[{"count":2,"href":"https:\/\/tac.eu.com\/nl\/wp-json\/wp\/v2\/pages\/38301\/revisions"}],"predecessor-version":[{"id":38311,"href":"https:\/\/tac.eu.com\/nl\/wp-json\/wp\/v2\/pages\/38301\/revisions\/38311"}],"wp:attachment":[{"href":"https:\/\/tac.eu.com\/nl\/wp-json\/wp\/v2\/media?parent=38301"}],"curies":[{"name":"wp","href":"https:\/\/api.w.org\/{rel}","templated":true}]}}